{"id":731,"date":"2026-01-29T11:42:27","date_gmt":"2026-01-29T11:42:27","guid":{"rendered":"https:\/\/aprenderenirlanda.com\/?page_id=731"},"modified":"2026-01-29T11:42:29","modified_gmt":"2026-01-29T11:42:29","slug":"aviso-legal","status":"publish","type":"page","link":"https:\/\/aprenderenirlanda.com\/index.php\/aviso-legal\/","title":{"rendered":"AVISO LEGAL"},"content":{"rendered":"\n<p>En cumplimiento del art\u00edculo 10 de la Ley 34\/2002, de 11 de julio, de Servicios de la Sociedad de la Informaci\u00f3n y Comercio Electr\u00f3nico (LSSI-CE), se exponen los datos identificativos del titular:<\/p>\n\n\n\n<ul class=\"wp-block-list\">\n<li><strong>Titular:<\/strong> Juan Alberto Revert Alcaraz<\/li>\n\n\n\n<li><strong>N.I.F.:<\/strong> 29074984V<\/li>\n\n\n\n<li><strong>Domicilio:<\/strong> Travessera dels quatre camins, 48 4\u00ba Izq, 03420 Castalla, Alicante, Espa\u00f1a<\/li>\n\n\n\n<li><strong>Tel\u00e9fono:<\/strong> 685108478<\/li>\n\n\n\n<li><strong>Correo electr\u00f3nico:<\/strong> juareal@gmail.com<\/li>\n\n\n\n<li><strong>Sitio Web:<\/strong> <a href=\"http:\/\/aprenderenirlanda.com\" target=\"_blank\" rel=\"noreferrer noopener\">http:\/\/aprenderenirlanda.com<\/a><\/li>\n<\/ul>\n\n\n\n<p>El acceso y uso de este sitio web atribuye la condici\u00f3n de USUARIO, que acepta, desde dicho acceso y\/o uso, las Condiciones Generales de Uso aqu\u00ed reflejadas.<\/p>\n","protected":false},"excerpt":{"rendered":"<p>En cumplimiento del art\u00edculo 10 de la Ley 34\/2002, de 11 de julio, de Servicios de la Sociedad de la Informaci\u00f3n y Comercio Electr\u00f3nico (LSSI-CE), se exponen los datos identificativos del titular: El acceso y uso de este sitio web atribuye la condici\u00f3n de USUARIO, que acepta, desde dicho acceso y\/o uso, las Condiciones Generales [&hellip;]<\/p>\n","protected":false},"author":1,"featured_media":0,"parent":0,"menu_order":0,"comment_status":"closed","ping_status":"closed","template":"","meta":{"footnotes":""},"class_list":["post-731","page","type-page","status-publish","hentry"],"yoast_head":"<!-- This site is optimized with the Yoast SEO plugin v26.9 - https:\/\/yoast.com\/product\/yoast-seo-wordpress\/ -->\n<title>AVISO LEGAL - Aprender en Irlanda<\/title>\n<meta name=\"robots\" content=\"index, follow, max-snippet:-1, max-image-preview:large, max-video-preview:-1\" \/>\n<link rel=\"canonical\" href=\"https:\/\/aprenderenirlanda.com\/index.php\/aviso-legal\/\" \/>\n<meta property=\"og:locale\" content=\"es_ES\" \/>\n<meta property=\"og:type\" content=\"article\" \/>\n<meta property=\"og:title\" content=\"AVISO LEGAL - Aprender en Irlanda\" \/>\n<meta property=\"og:description\" content=\"En cumplimiento del art\u00edculo 10 de la Ley 34\/2002, de 11 de julio, de Servicios de la Sociedad de la Informaci\u00f3n y Comercio Electr\u00f3nico (LSSI-CE), se exponen los datos identificativos del titular: El acceso y uso de este sitio web atribuye la condici\u00f3n de USUARIO, que acepta, desde dicho acceso y\/o uso, las Condiciones Generales [&hellip;]\" \/>\n<meta property=\"og:url\" content=\"https:\/\/aprenderenirlanda.com\/index.php\/aviso-legal\/\" \/>\n<meta property=\"og:site_name\" content=\"Aprender en Irlanda\" \/>\n<meta property=\"article:modified_time\" content=\"2026-01-29T11:42:29+00:00\" \/>\n<meta name=\"twitter:card\" content=\"summary_large_image\" \/>\n<meta name=\"twitter:label1\" content=\"Tiempo de lectura\" \/>\n\t<meta name=\"twitter:data1\" content=\"1 minuto\" \/>\n<script type=\"application\/ld+json\" class=\"yoast-schema-graph\">{\"@context\":\"https:\/\/schema.org\",\"@graph\":[{\"@type\":\"WebPage\",\"@id\":\"https:\/\/aprenderenirlanda.com\/index.php\/aviso-legal\/\",\"url\":\"https:\/\/aprenderenirlanda.com\/index.php\/aviso-legal\/\",\"name\":\"AVISO LEGAL - Aprender en Irlanda\",\"isPartOf\":{\"@id\":\"https:\/\/aprenderenirlanda.com\/#website\"},\"datePublished\":\"2026-01-29T11:42:27+00:00\",\"dateModified\":\"2026-01-29T11:42:29+00:00\",\"breadcrumb\":{\"@id\":\"https:\/\/aprenderenirlanda.com\/index.php\/aviso-legal\/#breadcrumb\"},\"inLanguage\":\"es\",\"potentialAction\":[{\"@type\":\"ReadAction\",\"target\":[\"https:\/\/aprenderenirlanda.com\/index.php\/aviso-legal\/\"]}]},{\"@type\":\"BreadcrumbList\",\"@id\":\"https:\/\/aprenderenirlanda.com\/index.php\/aviso-legal\/#breadcrumb\",\"itemListElement\":[{\"@type\":\"ListItem\",\"position\":1,\"name\":\"Portada\",\"item\":\"https:\/\/aprenderenirlanda.com\/\"},{\"@type\":\"ListItem\",\"position\":2,\"name\":\"AVISO LEGAL\"}]},{\"@type\":\"WebSite\",\"@id\":\"https:\/\/aprenderenirlanda.com\/#website\",\"url\":\"https:\/\/aprenderenirlanda.com\/\",\"name\":\"Aprender en Irlanda\",\"description\":\"\",\"publisher\":{\"@id\":\"https:\/\/aprenderenirlanda.com\/#organization\"},\"potentialAction\":[{\"@type\":\"SearchAction\",\"target\":{\"@type\":\"EntryPoint\",\"urlTemplate\":\"https:\/\/aprenderenirlanda.com\/?s={search_term_string}\"},\"query-input\":{\"@type\":\"PropertyValueSpecification\",\"valueRequired\":true,\"valueName\":\"search_term_string\"}}],\"inLanguage\":\"es\"},{\"@type\":\"Organization\",\"@id\":\"https:\/\/aprenderenirlanda.com\/#organization\",\"name\":\"Aprender en Irlanda\",\"url\":\"https:\/\/aprenderenirlanda.com\/\",\"logo\":{\"@type\":\"ImageObject\",\"inLanguage\":\"es\",\"@id\":\"https:\/\/aprenderenirlanda.com\/#\/schema\/logo\/image\/\",\"url\":\"https:\/\/aprenderenirlanda.com\/wp-content\/uploads\/2025\/02\/logo-aprenderenirlanda-small.webp\",\"contentUrl\":\"https:\/\/aprenderenirlanda.com\/wp-content\/uploads\/2025\/02\/logo-aprenderenirlanda-small.webp\",\"width\":200,\"height\":166,\"caption\":\"Aprender en Irlanda\"},\"image\":{\"@id\":\"https:\/\/aprenderenirlanda.com\/#\/schema\/logo\/image\/\"}}]}<\/script>\n<!-- \/ Yoast SEO plugin. -->","yoast_head_json":{"title":"AVISO LEGAL - Aprender en Irlanda","robots":{"index":"index","follow":"follow","max-snippet":"max-snippet:-1","max-image-preview":"max-image-preview:large","max-video-preview":"max-video-preview:-1"},"canonical":"https:\/\/aprenderenirlanda.com\/index.php\/aviso-legal\/","og_locale":"es_ES","og_type":"article","og_title":"AVISO LEGAL - Aprender en Irlanda","og_description":"En cumplimiento del art\u00edculo 10 de la Ley 34\/2002, de 11 de julio, de Servicios de la Sociedad de la Informaci\u00f3n y Comercio Electr\u00f3nico (LSSI-CE), se exponen los datos identificativos del titular: El acceso y uso de este sitio web atribuye la condici\u00f3n de USUARIO, que acepta, desde dicho acceso y\/o uso, las Condiciones Generales [&hellip;]","og_url":"https:\/\/aprenderenirlanda.com\/index.php\/aviso-legal\/","og_site_name":"Aprender en Irlanda","article_modified_time":"2026-01-29T11:42:29+00:00","twitter_card":"summary_large_image","twitter_misc":{"Tiempo de lectura":"1 minuto"},"schema":{"@context":"https:\/\/schema.org","@graph":[{"@type":"WebPage","@id":"https:\/\/aprenderenirlanda.com\/index.php\/aviso-legal\/","url":"https:\/\/aprenderenirlanda.com\/index.php\/aviso-legal\/","name":"AVISO LEGAL - Aprender en Irlanda","isPartOf":{"@id":"https:\/\/aprenderenirlanda.com\/#website"},"datePublished":"2026-01-29T11:42:27+00:00","dateModified":"2026-01-29T11:42:29+00:00","breadcrumb":{"@id":"https:\/\/aprenderenirlanda.com\/index.php\/aviso-legal\/#breadcrumb"},"inLanguage":"es","potentialAction":[{"@type":"ReadAction","target":["https:\/\/aprenderenirlanda.com\/index.php\/aviso-legal\/"]}]},{"@type":"BreadcrumbList","@id":"https:\/\/aprenderenirlanda.com\/index.php\/aviso-legal\/#breadcrumb","itemListElement":[{"@type":"ListItem","position":1,"name":"Portada","item":"https:\/\/aprenderenirlanda.com\/"},{"@type":"ListItem","position":2,"name":"AVISO LEGAL"}]},{"@type":"WebSite","@id":"https:\/\/aprenderenirlanda.com\/#website","url":"https:\/\/aprenderenirlanda.com\/","name":"Aprender en Irlanda","description":"","publisher":{"@id":"https:\/\/aprenderenirlanda.com\/#organization"},"potentialAction":[{"@type":"SearchAction","target":{"@type":"EntryPoint","urlTemplate":"https:\/\/aprenderenirlanda.com\/?s={search_term_string}"},"query-input":{"@type":"PropertyValueSpecification","valueRequired":true,"valueName":"search_term_string"}}],"inLanguage":"es"},{"@type":"Organization","@id":"https:\/\/aprenderenirlanda.com\/#organization","name":"Aprender en Irlanda","url":"https:\/\/aprenderenirlanda.com\/","logo":{"@type":"ImageObject","inLanguage":"es","@id":"https:\/\/aprenderenirlanda.com\/#\/schema\/logo\/image\/","url":"https:\/\/aprenderenirlanda.com\/wp-content\/uploads\/2025\/02\/logo-aprenderenirlanda-small.webp","contentUrl":"https:\/\/aprenderenirlanda.com\/wp-content\/uploads\/2025\/02\/logo-aprenderenirlanda-small.webp","width":200,"height":166,"caption":"Aprender en Irlanda"},"image":{"@id":"https:\/\/aprenderenirlanda.com\/#\/schema\/logo\/image\/"}}]}},"_links":{"self":[{"href":"https:\/\/aprenderenirlanda.com\/index.php\/wp-json\/wp\/v2\/pages\/731","targetHints":{"allow":["GET"]}}],"collection":[{"href":"https:\/\/aprenderenirlanda.com\/index.php\/wp-json\/wp\/v2\/pages"}],"about":[{"href":"https:\/\/aprenderenirlanda.com\/index.php\/wp-json\/wp\/v2\/types\/page"}],"author":[{"embeddable":true,"href":"https:\/\/aprenderenirlanda.com\/index.php\/wp-json\/wp\/v2\/users\/1"}],"replies":[{"embeddable":true,"href":"https:\/\/aprenderenirlanda.com\/index.php\/wp-json\/wp\/v2\/comments?post=731"}],"version-history":[{"count":1,"href":"https:\/\/aprenderenirlanda.com\/index.php\/wp-json\/wp\/v2\/pages\/731\/revisions"}],"predecessor-version":[{"id":732,"href":"https:\/\/aprenderenirlanda.com\/index.php\/wp-json\/wp\/v2\/pages\/731\/revisions\/732"}],"wp:attachment":[{"href":"https:\/\/aprenderenirlanda.com\/index.php\/wp-json\/wp\/v2\/media?parent=731"}],"curies":[{"name":"wp","href":"https:\/\/api.w.org\/{rel}","templated":true}]}}