{"id":733,"date":"2026-01-29T11:43:17","date_gmt":"2026-01-29T11:43:17","guid":{"rendered":"https:\/\/aprenderenirlanda.com\/?page_id=733"},"modified":"2026-01-29T11:43:18","modified_gmt":"2026-01-29T11:43:18","slug":"politica-de-privacidad","status":"publish","type":"page","link":"https:\/\/aprenderenirlanda.com\/index.php\/politica-de-privacidad\/","title":{"rendered":"POL\u00cdTICA DE PRIVACIDAD"},"content":{"rendered":"\n<p>De conformidad con el Reglamento (UE) 2016\/679 (RGPD) y la Ley Org\u00e1nica 3\/2018 (LOPDGDD), se informa al usuario del tratamiento de sus datos:<\/p>\n\n\n\n<ul class=\"wp-block-list\">\n<li><strong>Responsable del tratamiento:<\/strong> Juan Alberto Revert Alcaraz (29074984V)<\/li>\n\n\n\n<li><strong>Finalidad:<\/strong> Gesti\u00f3n de consultas, asesoramiento sobre cursos en el extranjero y comunicaciones comerciales solicitadas por el usuario.<\/li>\n\n\n\n<li><strong>Legitimaci\u00f3n:<\/strong> Consentimiento expreso del interesado.<\/li>\n\n\n\n<li><strong>Destinatarios:<\/strong> No se comunicar\u00e1n los datos a terceros, salvo obligaci\u00f3n legal.<\/li>\n\n\n\n<li><strong>Derechos:<\/strong> El usuario tiene derecho a acceder, rectificar y suprimir los datos, as\u00ed como otros derechos detallados en la normativa vigente, dirigi\u00e9ndose por escrito a juareal@gmail.com o a la direcci\u00f3n postal Travessera dels quatre camins, 48 4\u00ba Izq, 03420 Castalla, Alicante.<\/li>\n<\/ul>\n","protected":false},"excerpt":{"rendered":"<p>De conformidad con el Reglamento (UE) 2016\/679 (RGPD) y la Ley Org\u00e1nica 3\/2018 (LOPDGDD), se informa al usuario del tratamiento de sus datos:<\/p>\n","protected":false},"author":1,"featured_media":0,"parent":0,"menu_order":0,"comment_status":"closed","ping_status":"closed","template":"","meta":{"footnotes":""},"class_list":["post-733","page","type-page","status-publish","hentry"],"yoast_head":"<!-- This site is optimized with the Yoast SEO plugin v26.9 - https:\/\/yoast.com\/product\/yoast-seo-wordpress\/ -->\n<title>POL\u00cdTICA DE PRIVACIDAD - Aprender en Irlanda<\/title>\n<meta name=\"robots\" content=\"index, follow, max-snippet:-1, max-image-preview:large, max-video-preview:-1\" \/>\n<link rel=\"canonical\" href=\"https:\/\/aprenderenirlanda.com\/index.php\/politica-de-privacidad\/\" \/>\n<meta property=\"og:locale\" content=\"es_ES\" \/>\n<meta property=\"og:type\" content=\"article\" \/>\n<meta property=\"og:title\" content=\"POL\u00cdTICA DE PRIVACIDAD - Aprender en Irlanda\" \/>\n<meta property=\"og:description\" content=\"De conformidad con el Reglamento (UE) 2016\/679 (RGPD) y la Ley Org\u00e1nica 3\/2018 (LOPDGDD), se informa al usuario del tratamiento de sus datos:\" \/>\n<meta property=\"og:url\" content=\"https:\/\/aprenderenirlanda.com\/index.php\/politica-de-privacidad\/\" \/>\n<meta property=\"og:site_name\" content=\"Aprender en Irlanda\" \/>\n<meta property=\"article:modified_time\" content=\"2026-01-29T11:43:18+00:00\" \/>\n<meta name=\"twitter:card\" content=\"summary_large_image\" \/>\n<meta name=\"twitter:label1\" content=\"Tiempo de lectura\" \/>\n\t<meta name=\"twitter:data1\" content=\"1 minuto\" \/>\n<script type=\"application\/ld+json\" class=\"yoast-schema-graph\">{\"@context\":\"https:\/\/schema.org\",\"@graph\":[{\"@type\":\"WebPage\",\"@id\":\"https:\/\/aprenderenirlanda.com\/index.php\/politica-de-privacidad\/\",\"url\":\"https:\/\/aprenderenirlanda.com\/index.php\/politica-de-privacidad\/\",\"name\":\"POL\u00cdTICA DE PRIVACIDAD - Aprender en Irlanda\",\"isPartOf\":{\"@id\":\"https:\/\/aprenderenirlanda.com\/#website\"},\"datePublished\":\"2026-01-29T11:43:17+00:00\",\"dateModified\":\"2026-01-29T11:43:18+00:00\",\"breadcrumb\":{\"@id\":\"https:\/\/aprenderenirlanda.com\/index.php\/politica-de-privacidad\/#breadcrumb\"},\"inLanguage\":\"es\",\"potentialAction\":[{\"@type\":\"ReadAction\",\"target\":[\"https:\/\/aprenderenirlanda.com\/index.php\/politica-de-privacidad\/\"]}]},{\"@type\":\"BreadcrumbList\",\"@id\":\"https:\/\/aprenderenirlanda.com\/index.php\/politica-de-privacidad\/#breadcrumb\",\"itemListElement\":[{\"@type\":\"ListItem\",\"position\":1,\"name\":\"Portada\",\"item\":\"https:\/\/aprenderenirlanda.com\/\"},{\"@type\":\"ListItem\",\"position\":2,\"name\":\"POL\u00cdTICA DE PRIVACIDAD\"}]},{\"@type\":\"WebSite\",\"@id\":\"https:\/\/aprenderenirlanda.com\/#website\",\"url\":\"https:\/\/aprenderenirlanda.com\/\",\"name\":\"Aprender en Irlanda\",\"description\":\"\",\"publisher\":{\"@id\":\"https:\/\/aprenderenirlanda.com\/#organization\"},\"potentialAction\":[{\"@type\":\"SearchAction\",\"target\":{\"@type\":\"EntryPoint\",\"urlTemplate\":\"https:\/\/aprenderenirlanda.com\/?s={search_term_string}\"},\"query-input\":{\"@type\":\"PropertyValueSpecification\",\"valueRequired\":true,\"valueName\":\"search_term_string\"}}],\"inLanguage\":\"es\"},{\"@type\":\"Organization\",\"@id\":\"https:\/\/aprenderenirlanda.com\/#organization\",\"name\":\"Aprender en Irlanda\",\"url\":\"https:\/\/aprenderenirlanda.com\/\",\"logo\":{\"@type\":\"ImageObject\",\"inLanguage\":\"es\",\"@id\":\"https:\/\/aprenderenirlanda.com\/#\/schema\/logo\/image\/\",\"url\":\"https:\/\/aprenderenirlanda.com\/wp-content\/uploads\/2025\/02\/logo-aprenderenirlanda-small.webp\",\"contentUrl\":\"https:\/\/aprenderenirlanda.com\/wp-content\/uploads\/2025\/02\/logo-aprenderenirlanda-small.webp\",\"width\":200,\"height\":166,\"caption\":\"Aprender en Irlanda\"},\"image\":{\"@id\":\"https:\/\/aprenderenirlanda.com\/#\/schema\/logo\/image\/\"}}]}<\/script>\n<!-- \/ Yoast SEO plugin. -->","yoast_head_json":{"title":"POL\u00cdTICA DE PRIVACIDAD - Aprender en Irlanda","robots":{"index":"index","follow":"follow","max-snippet":"max-snippet:-1","max-image-preview":"max-image-preview:large","max-video-preview":"max-video-preview:-1"},"canonical":"https:\/\/aprenderenirlanda.com\/index.php\/politica-de-privacidad\/","og_locale":"es_ES","og_type":"article","og_title":"POL\u00cdTICA DE PRIVACIDAD - Aprender en Irlanda","og_description":"De conformidad con el Reglamento (UE) 2016\/679 (RGPD) y la Ley Org\u00e1nica 3\/2018 (LOPDGDD), se informa al usuario del tratamiento de sus datos:","og_url":"https:\/\/aprenderenirlanda.com\/index.php\/politica-de-privacidad\/","og_site_name":"Aprender en Irlanda","article_modified_time":"2026-01-29T11:43:18+00:00","twitter_card":"summary_large_image","twitter_misc":{"Tiempo de lectura":"1 minuto"},"schema":{"@context":"https:\/\/schema.org","@graph":[{"@type":"WebPage","@id":"https:\/\/aprenderenirlanda.com\/index.php\/politica-de-privacidad\/","url":"https:\/\/aprenderenirlanda.com\/index.php\/politica-de-privacidad\/","name":"POL\u00cdTICA DE PRIVACIDAD - Aprender en Irlanda","isPartOf":{"@id":"https:\/\/aprenderenirlanda.com\/#website"},"datePublished":"2026-01-29T11:43:17+00:00","dateModified":"2026-01-29T11:43:18+00:00","breadcrumb":{"@id":"https:\/\/aprenderenirlanda.com\/index.php\/politica-de-privacidad\/#breadcrumb"},"inLanguage":"es","potentialAction":[{"@type":"ReadAction","target":["https:\/\/aprenderenirlanda.com\/index.php\/politica-de-privacidad\/"]}]},{"@type":"BreadcrumbList","@id":"https:\/\/aprenderenirlanda.com\/index.php\/politica-de-privacidad\/#breadcrumb","itemListElement":[{"@type":"ListItem","position":1,"name":"Portada","item":"https:\/\/aprenderenirlanda.com\/"},{"@type":"ListItem","position":2,"name":"POL\u00cdTICA DE PRIVACIDAD"}]},{"@type":"WebSite","@id":"https:\/\/aprenderenirlanda.com\/#website","url":"https:\/\/aprenderenirlanda.com\/","name":"Aprender en Irlanda","description":"","publisher":{"@id":"https:\/\/aprenderenirlanda.com\/#organization"},"potentialAction":[{"@type":"SearchAction","target":{"@type":"EntryPoint","urlTemplate":"https:\/\/aprenderenirlanda.com\/?s={search_term_string}"},"query-input":{"@type":"PropertyValueSpecification","valueRequired":true,"valueName":"search_term_string"}}],"inLanguage":"es"},{"@type":"Organization","@id":"https:\/\/aprenderenirlanda.com\/#organization","name":"Aprender en Irlanda","url":"https:\/\/aprenderenirlanda.com\/","logo":{"@type":"ImageObject","inLanguage":"es","@id":"https:\/\/aprenderenirlanda.com\/#\/schema\/logo\/image\/","url":"https:\/\/aprenderenirlanda.com\/wp-content\/uploads\/2025\/02\/logo-aprenderenirlanda-small.webp","contentUrl":"https:\/\/aprenderenirlanda.com\/wp-content\/uploads\/2025\/02\/logo-aprenderenirlanda-small.webp","width":200,"height":166,"caption":"Aprender en Irlanda"},"image":{"@id":"https:\/\/aprenderenirlanda.com\/#\/schema\/logo\/image\/"}}]}},"_links":{"self":[{"href":"https:\/\/aprenderenirlanda.com\/index.php\/wp-json\/wp\/v2\/pages\/733","targetHints":{"allow":["GET"]}}],"collection":[{"href":"https:\/\/aprenderenirlanda.com\/index.php\/wp-json\/wp\/v2\/pages"}],"about":[{"href":"https:\/\/aprenderenirlanda.com\/index.php\/wp-json\/wp\/v2\/types\/page"}],"author":[{"embeddable":true,"href":"https:\/\/aprenderenirlanda.com\/index.php\/wp-json\/wp\/v2\/users\/1"}],"replies":[{"embeddable":true,"href":"https:\/\/aprenderenirlanda.com\/index.php\/wp-json\/wp\/v2\/comments?post=733"}],"version-history":[{"count":1,"href":"https:\/\/aprenderenirlanda.com\/index.php\/wp-json\/wp\/v2\/pages\/733\/revisions"}],"predecessor-version":[{"id":734,"href":"https:\/\/aprenderenirlanda.com\/index.php\/wp-json\/wp\/v2\/pages\/733\/revisions\/734"}],"wp:attachment":[{"href":"https:\/\/aprenderenirlanda.com\/index.php\/wp-json\/wp\/v2\/media?parent=733"}],"curies":[{"name":"wp","href":"https:\/\/api.w.org\/{rel}","templated":true}]}}